{"id":326,"date":"2026-02-06T21:29:08","date_gmt":"2026-02-06T21:29:08","guid":{"rendered":"http:\/\/storedado.ma\/?post_type=product&#038;p=326"},"modified":"2026-02-06T23:02:24","modified_gmt":"2026-02-06T23:02:24","slug":"sudadera-basica-cuello-redondo","status":"publish","type":"product","link":"https:\/\/storedado.ma\/index.php\/product\/sudadera-basica-cuello-redondo\/","title":{"rendered":"Sudadera b\u00e1sica cuello redondo"},"content":{"rendered":"<p>Sudadera b\u00e1sica con cuello redondo disponible en varios tonos y confeccionada en mezcla de algod\u00f3n.<\/p>\n<p>Modelo: 188 cm de altura y talla M<\/p>\n","protected":false},"excerpt":{"rendered":"<p>Sudadera b\u00e1sica con cuello redondo disponible en varios tonos y confeccionada en mezcla de algod\u00f3n. Modelo: 188 cm de altura y talla M<\/p>\n","protected":false},"featured_media":341,"comment_status":"open","ping_status":"closed","template":"","meta":[],"product_brand":[19],"product_cat":[16],"product_tag":[],"class_list":{"0":"post-326","1":"product","2":"type-product","3":"status-publish","4":"has-post-thumbnail","6":"product_brand-pull-and-bear","7":"product_cat-men","9":"first","10":"instock","11":"shipping-taxable","12":"purchasable","13":"product-type-variable"},"jetpack_sharing_enabled":true,"_links":{"self":[{"href":"https:\/\/storedado.ma\/index.php\/wp-json\/wp\/v2\/product\/326","targetHints":{"allow":["GET"]}}],"collection":[{"href":"https:\/\/storedado.ma\/index.php\/wp-json\/wp\/v2\/product"}],"about":[{"href":"https:\/\/storedado.ma\/index.php\/wp-json\/wp\/v2\/types\/product"}],"replies":[{"embeddable":true,"href":"https:\/\/storedado.ma\/index.php\/wp-json\/wp\/v2\/comments?post=326"}],"wp:featuredmedia":[{"embeddable":true,"href":"https:\/\/storedado.ma\/index.php\/wp-json\/wp\/v2\/media\/341"}],"wp:attachment":[{"href":"https:\/\/storedado.ma\/index.php\/wp-json\/wp\/v2\/media?parent=326"}],"wp:term":[{"taxonomy":"product_brand","embeddable":true,"href":"https:\/\/storedado.ma\/index.php\/wp-json\/wp\/v2\/product_brand?post=326"},{"taxonomy":"product_cat","embeddable":true,"href":"https:\/\/storedado.ma\/index.php\/wp-json\/wp\/v2\/product_cat?post=326"},{"taxonomy":"product_tag","embeddable":true,"href":"https:\/\/storedado.ma\/index.php\/wp-json\/wp\/v2\/product_tag?post=326"}],"curies":[{"name":"wp","href":"https:\/\/api.w.org\/{rel}","templated":true}]}}