{"id":241,"date":"2026-01-28T19:45:43","date_gmt":"2026-01-28T19:45:43","guid":{"rendered":"http:\/\/storedado.ma\/?post_type=product&#038;p=241"},"modified":"2026-01-28T20:32:46","modified_gmt":"2026-01-28T20:32:46","slug":"mochila-engomada-solapa","status":"publish","type":"product","link":"https:\/\/storedado.ma\/index.php\/product\/mochila-engomada-solapa\/","title":{"rendered":"MOCHILA ENGOMADA SOLAPA"},"content":{"rendered":"<p>Mochila en acabado engomado. Compartimento principal con cierre mediante solapa con cremallera y hebilla de liberaci\u00f3n r\u00e1pida. El interior cuenta con un bolsillo con cierre mediante cremallera y un compartimento para dispositivos electr\u00f3nicos de hasta 13 pulgadas. Parte frontal cuenta con un bolsillo con cierre mediante im\u00e1n. Parte posterior acolchada con banda de sujeci\u00f3n para equipaje. Asa de mano y dos asas de hombro ajustables. <\/p>\n<p>Alto x Ancho x Fondo: 40 x 31,5 x 14 cm.<\/p>\n","protected":false},"excerpt":{"rendered":"<p>Mochila en acabado engomado. Compartimento principal con cierre mediante solapa con cremallera y hebilla de liberaci\u00f3n r\u00e1pida. El interior cuenta con un bolsillo con cierre mediante cremallera y un compartimento para dispositivos electr\u00f3nicos de hasta 13 pulgadas. Parte frontal cuenta con un bolsillo con cierre mediante im\u00e1n. Parte posterior acolchada con banda de sujeci\u00f3n para &hellip;<\/p>\n<p class=\"read-more\"> <a class=\"\" href=\"https:\/\/storedado.ma\/index.php\/product\/mochila-engomada-solapa\/\"> <span class=\"screen-reader-text\">MOCHILA ENGOMADA SOLAPA<\/span> Read More &raquo;<\/a><\/p>\n","protected":false},"featured_media":243,"comment_status":"open","ping_status":"closed","template":"","meta":[],"product_brand":[17],"product_cat":[16,35],"product_tag":[],"class_list":{"0":"post-241","1":"product","2":"type-product","3":"status-publish","4":"has-post-thumbnail","6":"product_brand-zara","7":"product_cat-men","8":"product_cat-bag-2","10":"first","11":"instock","12":"sale","13":"shipping-taxable","14":"purchasable","15":"product-type-simple"},"jetpack_sharing_enabled":true,"_links":{"self":[{"href":"https:\/\/storedado.ma\/index.php\/wp-json\/wp\/v2\/product\/241","targetHints":{"allow":["GET"]}}],"collection":[{"href":"https:\/\/storedado.ma\/index.php\/wp-json\/wp\/v2\/product"}],"about":[{"href":"https:\/\/storedado.ma\/index.php\/wp-json\/wp\/v2\/types\/product"}],"replies":[{"embeddable":true,"href":"https:\/\/storedado.ma\/index.php\/wp-json\/wp\/v2\/comments?post=241"}],"wp:featuredmedia":[{"embeddable":true,"href":"https:\/\/storedado.ma\/index.php\/wp-json\/wp\/v2\/media\/243"}],"wp:attachment":[{"href":"https:\/\/storedado.ma\/index.php\/wp-json\/wp\/v2\/media?parent=241"}],"wp:term":[{"taxonomy":"product_brand","embeddable":true,"href":"https:\/\/storedado.ma\/index.php\/wp-json\/wp\/v2\/product_brand?post=241"},{"taxonomy":"product_cat","embeddable":true,"href":"https:\/\/storedado.ma\/index.php\/wp-json\/wp\/v2\/product_cat?post=241"},{"taxonomy":"product_tag","embeddable":true,"href":"https:\/\/storedado.ma\/index.php\/wp-json\/wp\/v2\/product_tag?post=241"}],"curies":[{"name":"wp","href":"https:\/\/api.w.org\/{rel}","templated":true}]}}