{"id":128,"date":"2026-01-26T22:46:16","date_gmt":"2026-01-26T22:46:16","guid":{"rendered":"http:\/\/storedado.ma\/?post_type=product&#038;p=128"},"modified":"2026-01-26T22:46:47","modified_gmt":"2026-01-26T22:46:47","slug":"cazadora-acolchada-relaxed-fit","status":"publish","type":"product","link":"https:\/\/storedado.ma\/index.php\/product\/cazadora-acolchada-relaxed-fit\/","title":{"rendered":"CAZADORA ACOLCHADA RELAXED FIT"},"content":{"rendered":"<p>Cazadora acolchada relaxed fit confeccionada en tejido t\u00e9cnico que repele el agua al contacto. El tejido ayuda a mantenerte seco durante cortos per\u00edodos de exposici\u00f3n a lloviznas ligeras. Adem\u00e1s ofrece buena protecci\u00f3n contra la penetraci\u00f3n del viento.<\/p>\n<p>Cuello subido con capucha desplegable en su interior. Manga larga acabada en pu\u00f1o con el\u00e1stico. Bolsillos de vivo en cadera y detalle de bolsillo interior. Bajo ajustable con el\u00e1stico en laterales. Cierre frontal de cremallera.<\/p>\n","protected":false},"excerpt":{"rendered":"<p>Cazadora acolchada relaxed fit confeccionada en tejido t\u00e9cnico que repele el agua al contacto. El tejido ayuda a mantenerte seco durante cortos per\u00edodos de exposici\u00f3n a lloviznas ligeras. Adem\u00e1s ofrece buena protecci\u00f3n contra la penetraci\u00f3n del viento. Cuello subido con capucha desplegable en su interior. Manga larga acabada en pu\u00f1o con el\u00e1stico. Bolsillos de vivo &hellip;<\/p>\n<p class=\"read-more\"> <a class=\"\" href=\"https:\/\/storedado.ma\/index.php\/product\/cazadora-acolchada-relaxed-fit\/\"> <span class=\"screen-reader-text\">CAZADORA ACOLCHADA RELAXED FIT<\/span> Read More &raquo;<\/a><\/p>\n","protected":false},"featured_media":134,"comment_status":"open","ping_status":"closed","template":"","meta":[],"product_brand":[17],"product_cat":[16,32],"product_tag":[],"class_list":{"0":"post-128","1":"product","2":"type-product","3":"status-publish","4":"has-post-thumbnail","6":"product_brand-zara","7":"product_cat-men","8":"product_cat-jacket","10":"first","11":"instock","12":"sale","13":"shipping-taxable","14":"purchasable","15":"product-type-variable"},"jetpack_sharing_enabled":true,"_links":{"self":[{"href":"https:\/\/storedado.ma\/index.php\/wp-json\/wp\/v2\/product\/128","targetHints":{"allow":["GET"]}}],"collection":[{"href":"https:\/\/storedado.ma\/index.php\/wp-json\/wp\/v2\/product"}],"about":[{"href":"https:\/\/storedado.ma\/index.php\/wp-json\/wp\/v2\/types\/product"}],"replies":[{"embeddable":true,"href":"https:\/\/storedado.ma\/index.php\/wp-json\/wp\/v2\/comments?post=128"}],"wp:featuredmedia":[{"embeddable":true,"href":"https:\/\/storedado.ma\/index.php\/wp-json\/wp\/v2\/media\/134"}],"wp:attachment":[{"href":"https:\/\/storedado.ma\/index.php\/wp-json\/wp\/v2\/media?parent=128"}],"wp:term":[{"taxonomy":"product_brand","embeddable":true,"href":"https:\/\/storedado.ma\/index.php\/wp-json\/wp\/v2\/product_brand?post=128"},{"taxonomy":"product_cat","embeddable":true,"href":"https:\/\/storedado.ma\/index.php\/wp-json\/wp\/v2\/product_cat?post=128"},{"taxonomy":"product_tag","embeddable":true,"href":"https:\/\/storedado.ma\/index.php\/wp-json\/wp\/v2\/product_tag?post=128"}],"curies":[{"name":"wp","href":"https:\/\/api.w.org\/{rel}","templated":true}]}}